{"id":157,"date":"2024-04-16T13:53:34","date_gmt":"2024-04-16T11:53:34","guid":{"rendered":"https:\/\/h07.de\/wawa\/?page_id=157"},"modified":"2026-03-29T11:27:55","modified_gmt":"2026-03-29T09:27:55","slug":"impressum","status":"publish","type":"page","link":"https:\/\/wawas-band.de\/index.php\/impressum\/","title":{"rendered":"Impressum"},"content":{"rendered":"\t\t<div data-elementor-type=\"wp-page\" data-elementor-id=\"157\" class=\"elementor elementor-157\">\n\t\t\t\t<div class=\"elementor-element elementor-element-500aa5e3 e-flex e-con-boxed e-con e-parent\" data-id=\"500aa5e3\" data-element_type=\"container\" data-e-type=\"container\" data-settings=\"{&quot;background_background&quot;:&quot;video&quot;,&quot;background_video_link&quot;:&quot;https:\\\/\\\/wawas-band.de\\\/wp-content\\\/uploads\\\/2024\\\/04\\\/2661-161442861_small.mp4&quot;}\">\n\t\t\t\t\t<div class=\"e-con-inner\">\n\t\t<div class=\"elementor-background-video-container elementor-hidden-mobile\">\n\t\t\t\t\t\t\t<video class=\"elementor-background-video-hosted\" role=\"presentation\" autoplay muted playsinline loop><\/video>\n\t\t\t\t\t<\/div>\t\t<div class=\"elementor-element elementor-element-4a20283e elementor-widget elementor-widget-image\" data-id=\"4a20283e\" data-element_type=\"widget\" data-e-type=\"widget\" data-widget_type=\"image.default\">\n\t\t\t\t<div class=\"elementor-widget-container\">\n\t\t\t\t\t\t\t\t\t\t\t\t\t\t\t<img fetchpriority=\"high\" decoding=\"async\" width=\"1024\" height=\"393\" src=\"https:\/\/wawas-band.de\/wp-content\/uploads\/2024\/04\/Logo_WaWas_mitName-1024x393.png\" class=\"attachment-large size-large wp-image-23\" alt=\"\" srcset=\"https:\/\/wawas-band.de\/wp-content\/uploads\/2024\/04\/Logo_WaWas_mitName-1024x393.png 1024w, https:\/\/wawas-band.de\/wp-content\/uploads\/2024\/04\/Logo_WaWas_mitName-300x115.png 300w, https:\/\/wawas-band.de\/wp-content\/uploads\/2024\/04\/Logo_WaWas_mitName-768x295.png 768w, https:\/\/wawas-band.de\/wp-content\/uploads\/2024\/04\/Logo_WaWas_mitName-1536x589.png 1536w, https:\/\/wawas-band.de\/wp-content\/uploads\/2024\/04\/Logo_WaWas_mitName.png 1984w\" sizes=\"(max-width: 1024px) 100vw, 1024px\" \/>\t\t\t\t\t\t\t\t\t\t\t\t\t\t\t<\/div>\n\t\t\t\t<\/div>\n\t\t\t\t\t<\/div>\n\t\t\t\t<\/div>\n\t\t<div class=\"elementor-element elementor-element-2259844f e-flex e-con-boxed e-con e-parent\" data-id=\"2259844f\" data-element_type=\"container\" data-e-type=\"container\" data-settings=\"{&quot;background_background&quot;:&quot;classic&quot;}\">\n\t\t\t\t\t<div class=\"e-con-inner\">\n\t\t\t\t<div class=\"elementor-element elementor-element-51ff4cba elementor-widget elementor-widget-heading\" data-id=\"51ff4cba\" data-element_type=\"widget\" data-e-type=\"widget\" data-widget_type=\"heading.default\">\n\t\t\t\t<div class=\"elementor-widget-container\">\n\t\t\t\t\t<h2 class=\"elementor-heading-title elementor-size-default\">Impressum<\/h2>\t\t\t\t<\/div>\n\t\t\t\t<\/div>\n\t\t\t\t<div class=\"elementor-element elementor-element-1a30886c elementor-widget elementor-widget-text-editor\" data-id=\"1a30886c\" data-element_type=\"widget\" data-e-type=\"widget\" data-widget_type=\"text-editor.default\">\n\t\t\t\t<div class=\"elementor-widget-container\">\n\t\t\t\t\t\t\t\t\t<p><span style=\"text-align: var(--text-align); background-color: var( --e-global-color-secondary );\">Willy &amp; the WaWas GbR<\/span><\/p><p>c\/o J\u00f6rg Hubrich<\/p><p><b>Postanschrift:<\/b><\/p><p>Bachstra\u00dfe 65<br \/>52355 D\u00fcren<br \/><span style=\"background-color: var( --e-global-color-secondary ); text-align: var(--text-align);\">Telefon: 0175\/4258361<br \/><\/span><span style=\"text-align: var(--text-align); background-color: var( --e-global-color-secondary );\">E-Mail: <a href=\"mailto:willy@wawas-band.de\">willy@wawas-band.de<\/a><\/span><\/p><p><b>Hinweise zur Website<\/b><\/p><p><b>Urheberrechtliche Hinweise<\/b><\/p><p style=\"--tw-border-spacing-x: 0; --tw-border-spacing-y: 0; --tw-translate-x: 0; --tw-translate-y: 0; --tw-rotate: 0; --tw-skew-x: 0; --tw-skew-y: 0; --tw-scale-x: 1; --tw-scale-y: 1; --tw-scroll-snap-strictness: proximity; --tw-ring-offset-width: 0px; --tw-ring-offset-color: #fff; --tw-ring-color: rgba(59,130,246,.5); --tw-ring-offset-shadow: 0 0 #0000; --tw-ring-shadow: 0 0 #0000; --tw-shadow: 0 0 #0000; --tw-shadow-colored: 0 0 #0000;\">Video im Header von\u00a0<a style=\"--tw-border-spacing-x: 0; --tw-border-spacing-y: 0; --tw-translate-x: 0; --tw-translate-y: 0; --tw-rotate: 0; --tw-skew-x: 0; --tw-skew-y: 0; --tw-scale-x: 1; --tw-scale-y: 1; --tw-scroll-snap-strictness: proximity; --tw-ring-offset-width: 0px; --tw-ring-offset-color: #fff; --tw-ring-color: rgba(59,130,246,.5); --tw-ring-offset-shadow: 0 0 #0000; --tw-ring-shadow: 0 0 #0000; --tw-shadow: 0 0 #0000; --tw-shadow-colored: 0 0 #0000;\" href=\"https:\/\/pixabay.com\/de\/users\/surprise-1430175\/?utm_source=link-attribution&amp;utm_medium=referral&amp;utm_campaign=video&amp;utm_content=2661\">Surprise<\/a>\u00a0\/\u00a0<a style=\"--tw-border-spacing-x: 0; --tw-border-spacing-y: 0; --tw-translate-x: 0; --tw-translate-y: 0; --tw-rotate: 0; --tw-skew-x: 0; --tw-skew-y: 0; --tw-scale-x: 1; --tw-scale-y: 1; --tw-scroll-snap-strictness: proximity; --tw-ring-offset-width: 0px; --tw-ring-offset-color: #fff; --tw-ring-color: rgba(59,130,246,.5); --tw-ring-offset-shadow: 0 0 #0000; --tw-ring-shadow: 0 0 #0000; --tw-shadow: 0 0 #0000; --tw-shadow-colored: 0 0 #0000;\" href=\"https:\/\/pixabay.com\/de\/\/?utm_source=link-attribution&amp;utm_medium=referral&amp;utm_campaign=video&amp;utm_content=2661\">Pixabay<\/a><\/p><p>Bild Schlagzeug von <a href=\"https:\/\/pixabay.com\/de\/users\/stocksnap-894430\/?utm_source=link-attribution&amp;utm_medium=referral&amp;utm_campaign=image&amp;utm_content=2599508\">StockSnap<\/a> auf <a href=\"https:\/\/pixabay.com\/de\/\/?utm_source=link-attribution&amp;utm_medium=referral&amp;utm_campaign=image&amp;utm_content=2599508\">Pixabay<\/a><br \/>Bild Bass von <a href=\"https:\/\/pixabay.com\/de\/users\/pexels-2286921\/?utm_source=link-attribution&amp;utm_medium=referral&amp;utm_campaign=image&amp;utm_content=1841186\">Pexels<\/a> auf <a href=\"https:\/\/pixabay.com\/de\/\/?utm_source=link-attribution&amp;utm_medium=referral&amp;utm_campaign=image&amp;utm_content=1841186\">Pixabay<\/a><br \/>Bild Gitarre von Foto von <a href=\"https:\/\/unsplash.com\/de\/@caaaaaaaaaio?utm_content=creditCopyText&amp;utm_medium=referral&amp;utm_source=unsplash\">Caio Silva<\/a> auf <a href=\"https:\/\/unsplash.com\/de\/fotos\/graustufenfoto-einer-person-die-gitarrenhals-und-saiten-halt-C7RFkKvThG4?utm_content=creditCopyText&amp;utm_medium=referral&amp;utm_source=unsplash\">Unsplash<\/a><\/p><p><b style=\"text-align: var(--text-align); background-color: var( --e-global-color-secondary );\">Verantwortlich f\u00fcr journalistisch-redaktionelle Inhalte ist:<\/b><\/p><p>J\u00f6rg Hubrich<\/p><p><b>Information gem\u00e4\u00df \u00a7 36 VSBG<\/b><\/p><p>Gem\u00e4\u00df \u00a7 36 VSBG (Verbraucherstreitbeilegungsgesetz \u2013 Gesetz \u00fcber die alternative Streitbeilegung in Verbrauchersachen) erkl\u00e4rt der Betreiber dieser Website:<\/p><p>Wir sind weder bereit noch verpflichtet, an Streitbeilegungsverfahren vor einer Verbraucherschlichtungsstelle teilzunehmen.<\/p><p><em>Das Impressum wurde mit dem\u00a0<a href=\"https:\/\/www.activemind.de\/datenschutz\/generatoren\/impressum\/\" data-auto-event-observed=\"true\">Impressums-Generator der activeMind AG<\/a>\u00a0erstellt.<\/em><\/p>\t\t\t\t\t\t\t\t<\/div>\n\t\t\t\t<\/div>\n\t\t\t\t\t<\/div>\n\t\t\t\t<\/div>\n\t\t<div class=\"elementor-element elementor-element-12331110 e-flex e-con-boxed e-con e-parent\" data-id=\"12331110\" data-element_type=\"container\" data-e-type=\"container\" data-settings=\"{&quot;background_background&quot;:&quot;classic&quot;}\">\n\t\t\t\t\t<div class=\"e-con-inner\">\n\t\t<div class=\"elementor-element elementor-element-1bd8fcd7 e-flex e-con-boxed e-con e-child\" data-id=\"1bd8fcd7\" data-element_type=\"container\" data-e-type=\"container\">\n\t\t\t\t\t<div class=\"e-con-inner\">\n\t\t<div class=\"elementor-element elementor-element-c6bff94 e-flex e-con-boxed e-con e-child\" data-id=\"c6bff94\" data-element_type=\"container\" data-e-type=\"container\">\n\t\t\t\t\t<div class=\"e-con-inner\">\n\t\t\t\t<div class=\"elementor-element elementor-element-2b1c9986 elementor-widget elementor-widget-image\" data-id=\"2b1c9986\" data-element_type=\"widget\" data-e-type=\"widget\" data-widget_type=\"image.default\">\n\t\t\t\t<div class=\"elementor-widget-container\">\n\t\t\t\t\t\t\t\t\t\t\t\t\t\t\t<img fetchpriority=\"high\" decoding=\"async\" width=\"1024\" height=\"393\" src=\"https:\/\/wawas-band.de\/wp-content\/uploads\/2024\/04\/Logo_WaWas_mitName-1024x393.png\" class=\"attachment-large size-large wp-image-23\" alt=\"\" srcset=\"https:\/\/wawas-band.de\/wp-content\/uploads\/2024\/04\/Logo_WaWas_mitName-1024x393.png 1024w, https:\/\/wawas-band.de\/wp-content\/uploads\/2024\/04\/Logo_WaWas_mitName-300x115.png 300w, https:\/\/wawas-band.de\/wp-content\/uploads\/2024\/04\/Logo_WaWas_mitName-768x295.png 768w, https:\/\/wawas-band.de\/wp-content\/uploads\/2024\/04\/Logo_WaWas_mitName-1536x589.png 1536w, https:\/\/wawas-band.de\/wp-content\/uploads\/2024\/04\/Logo_WaWas_mitName.png 1984w\" sizes=\"(max-width: 1024px) 100vw, 1024px\" \/>\t\t\t\t\t\t\t\t\t\t\t\t\t\t\t<\/div>\n\t\t\t\t<\/div>\n\t\t\t\t<div class=\"elementor-element elementor-element-e33400a elementor-widget elementor-widget-heading\" data-id=\"e33400a\" data-element_type=\"widget\" data-e-type=\"widget\" data-widget_type=\"heading.default\">\n\t\t\t\t<div class=\"elementor-widget-container\">\n\t\t\t\t\t<h2 class=\"elementor-heading-title elementor-size-default\">So erreicht Ihr uns<\/h2>\t\t\t\t<\/div>\n\t\t\t\t<\/div>\n\t\t\t\t<div class=\"elementor-element elementor-element-70b12b97 elementor-align-center elementor-widget elementor-widget-button\" data-id=\"70b12b97\" data-element_type=\"widget\" data-e-type=\"widget\" data-widget_type=\"button.default\">\n\t\t\t\t<div class=\"elementor-widget-container\">\n\t\t\t\t\t\t\t\t\t<div class=\"elementor-button-wrapper\">\n\t\t\t\t\t<a class=\"elementor-button elementor-button-link elementor-size-sm\" href=\"mailto:willy@wawas-band.de\">\n\t\t\t\t\t\t<span class=\"elementor-button-content-wrapper\">\n\t\t\t\t\t\t<span class=\"elementor-button-icon\">\n\t\t\t\t<svg aria-hidden=\"true\" class=\"e-font-icon-svg e-far-envelope\" viewBox=\"0 0 512 512\" xmlns=\"http:\/\/www.w3.org\/2000\/svg\"><path d=\"M464 64H48C21.49 64 0 85.49 0 112v288c0 26.51 21.49 48 48 48h416c26.51 0 48-21.49 48-48V112c0-26.51-21.49-48-48-48zm0 48v40.805c-22.422 18.259-58.168 46.651-134.587 106.49-16.841 13.247-50.201 45.072-73.413 44.701-23.208.375-56.579-31.459-73.413-44.701C106.18 199.465 70.425 171.067 48 152.805V112h416zM48 400V214.398c22.914 18.251 55.409 43.862 104.938 82.646 21.857 17.205 60.134 55.186 103.062 54.955 42.717.231 80.509-37.199 103.053-54.947 49.528-38.783 82.032-64.401 104.947-82.653V400H48z\"><\/path><\/svg>\t\t\t<\/span>\n\t\t\t\t\t\t\t\t\t<span class=\"elementor-button-text\">willy@wawas-band.de<\/span>\n\t\t\t\t\t<\/span>\n\t\t\t\t\t<\/a>\n\t\t\t\t<\/div>\n\t\t\t\t\t\t\t\t<\/div>\n\t\t\t\t<\/div>\n\t\t\t\t\t<\/div>\n\t\t\t\t<\/div>\n\t\t\t\t\t<\/div>\n\t\t\t\t<\/div>\n\t\t\t\t\t<\/div>\n\t\t\t\t<\/div>\n\t\t\t\t<\/div>\n\t\t","protected":false},"excerpt":{"rendered":"<p>Impressum Willy &amp; the WaWas GbR c\/o J\u00f6rg Hubrich Postanschrift: Bachstra\u00dfe 6552355 D\u00fcrenTelefon: 0175\/4258361E-Mail: willy@wawas-band.de Hinweise zur Website Urheberrechtliche Hinweise Video im Header von\u00a0Surprise\u00a0\/\u00a0Pixabay Bild Schlagzeug von StockSnap auf PixabayBild Bass von Pexels auf PixabayBild Gitarre von Foto von Caio &hellip; <a class=\"kt-excerpt-readmore\" href=\"https:\/\/wawas-band.de\/index.php\/impressum\/\" aria-label=\"Impressum\">Weiterlesen<\/a><\/p>\n","protected":false},"author":1,"featured_media":0,"parent":0,"menu_order":0,"comment_status":"closed","ping_status":"closed","template":"elementor_header_footer","meta":{"footnotes":""},"class_list":["post-157","page","type-page","status-publish","hentry"],"_links":{"self":[{"href":"https:\/\/wawas-band.de\/index.php\/wp-json\/wp\/v2\/pages\/157","targetHints":{"allow":["GET"]}}],"collection":[{"href":"https:\/\/wawas-band.de\/index.php\/wp-json\/wp\/v2\/pages"}],"about":[{"href":"https:\/\/wawas-band.de\/index.php\/wp-json\/wp\/v2\/types\/page"}],"author":[{"embeddable":true,"href":"https:\/\/wawas-band.de\/index.php\/wp-json\/wp\/v2\/users\/1"}],"replies":[{"embeddable":true,"href":"https:\/\/wawas-band.de\/index.php\/wp-json\/wp\/v2\/comments?post=157"}],"version-history":[{"count":3,"href":"https:\/\/wawas-band.de\/index.php\/wp-json\/wp\/v2\/pages\/157\/revisions"}],"predecessor-version":[{"id":521,"href":"https:\/\/wawas-band.de\/index.php\/wp-json\/wp\/v2\/pages\/157\/revisions\/521"}],"wp:attachment":[{"href":"https:\/\/wawas-band.de\/index.php\/wp-json\/wp\/v2\/media?parent=157"}],"curies":[{"name":"wp","href":"https:\/\/api.w.org\/{rel}","templated":true}]}}